{"id":62,"date":"2019-09-01T23:45:29","date_gmt":"2019-09-01T21:45:29","guid":{"rendered":"http:\/\/kungfuwushu.org\/?page_id=62"},"modified":"2025-09-03T21:07:59","modified_gmt":"2025-09-03T19:07:59","slug":"cours","status":"publish","type":"page","link":"http:\/\/kungfuwushu.org\/?page_id=62","title":{"rendered":"Cours"},"content":{"rendered":"\n<h3>Nice &#8211; Ecole Fuon Cauda<\/h3>\n\n\n\n<iframe src=\"https:\/\/www.google.com\/maps\/embed?pb=!1m18!1m12!1m3!1d2883.9055220920363!2d7.26170027681055!3d43.712512448591895!2m3!1f0!2f0!3f0!3m2!1i1024!2i768!4f13.1!3m3!1m2!1s0x12cdd0001a03375b%3A0xaa75d4b17f565dd9!2sEcole%20de%20Wushu%20Yang!5e0!3m2!1sfr!2sfr!4v1750150425314!5m2!1sfr!2sfr\" width=\"600\" height=\"300\" style=\"border:0;\" allowfullscreen=\"\" loading=\"lazy\" referrerpolicy=\"no-referrer-when-downgrade\"><\/iframe>\n\n\n\n<div style=\"height:39px\" aria-hidden=\"true\" class=\"wp-block-spacer\"><\/div>\n\n\n\n<figure class=\"wp-block-image size-large is-resized\"><img loading=\"lazy\" src=\"https:\/\/kungfuwushu.org\/wp-content\/uploads\/2025\/06\/Screenshot-2025-06-17-at-20.43.04-1024x150.png\" alt=\"\" class=\"wp-image-2458\" width=\"645\" height=\"94\" srcset=\"http:\/\/kungfuwushu.org\/wp-content\/uploads\/2025\/06\/Screenshot-2025-06-17-at-20.43.04-1024x150.png 1024w, http:\/\/kungfuwushu.org\/wp-content\/uploads\/2025\/06\/Screenshot-2025-06-17-at-20.43.04-300x44.png 300w, http:\/\/kungfuwushu.org\/wp-content\/uploads\/2025\/06\/Screenshot-2025-06-17-at-20.43.04-768x113.png 768w, http:\/\/kungfuwushu.org\/wp-content\/uploads\/2025\/06\/Screenshot-2025-06-17-at-20.43.04.png 1526w\" sizes=\"(max-width: 645px) 100vw, 645px\" \/><\/figure>\n\n\n\n<hr class=\"wp-block-separator\"\/>\n\n\n\n<div style=\"height:39px\" aria-hidden=\"true\" class=\"wp-block-spacer\"><\/div>\n\n\n\n<h3>Valbonne &#8211; Dojo Garbeja\u00efre<\/h3>\n\n\n\n<iframe src=\"https:\/\/www.google.com\/maps\/embed?pb=!1m18!1m12!1m3!1d2888.1957172813945!2d7.048655676807285!3d43.623285254364305!2m3!1f0!2f0!3f0!3m2!1i1024!2i768!4f13.1!3m3!1m2!1s0x12cc2b3ca5f1b9d7%3A0xc1680c287d3907ca!2sEcole%20de%20Wushu%20Yang%20-%20Dojo%20Antipolis!5e0!3m2!1sfr!2sfr!4v1750150596668!5m2!1sfr!2sfr\" width=\"600\" height=\"300\" style=\"border:0;\" allowfullscreen=\"\" loading=\"lazy\" referrerpolicy=\"no-referrer-when-downgrade\"><\/iframe>\n\n\n\n<div style=\"height:39px\" aria-hidden=\"true\" class=\"wp-block-spacer\"><\/div>\n\n\n\n<figure class=\"wp-block-image size-large is-resized\"><img loading=\"lazy\" src=\"http:\/\/kungfuwushu.org\/wp-content\/uploads\/2025\/09\/Screenshot-2025-09-03-at-21.07.02-1024x114.png\" alt=\"\" class=\"wp-image-2465\" width=\"646\" height=\"71\" srcset=\"http:\/\/kungfuwushu.org\/wp-content\/uploads\/2025\/09\/Screenshot-2025-09-03-at-21.07.02-1024x114.png 1024w, http:\/\/kungfuwushu.org\/wp-content\/uploads\/2025\/09\/Screenshot-2025-09-03-at-21.07.02-300x33.png 300w, http:\/\/kungfuwushu.org\/wp-content\/uploads\/2025\/09\/Screenshot-2025-09-03-at-21.07.02-768x86.png 768w, http:\/\/kungfuwushu.org\/wp-content\/uploads\/2025\/09\/Screenshot-2025-09-03-at-21.07.02.png 1524w\" sizes=\"(max-width: 646px) 100vw, 646px\" \/><\/figure>\n\n\n\n<hr class=\"wp-block-separator\"\/>\n\n\n\n<div style=\"height:39px\" aria-hidden=\"true\" class=\"wp-block-spacer\"><\/div>\n\n\n\n<h3>Valbonne &#8211; Dojo de l&#8217;\u00eele verte<\/h3>\n\n\n\n<iframe src=\"https:\/\/www.google.com\/maps\/embed?pb=!1m18!1m12!1m3!1d2887.2176739088145!2d7.047888476808038!3d43.643639353048314!2m3!1f0!2f0!3f0!3m2!1i1024!2i768!4f13.1!3m3!1m2!1s0x12cc2b7335cd27a9%3A0xb5b17591a8c9ab79!2sEcole%20de%20Wushu%20Yang%20-%20Dojo%20%C3%AEle%20verte!5e0!3m2!1sfr!2sfr!4v1750150669626!5m2!1sfr!2sfr\" width=\"600\" height=\"300\" style=\"border:0;\" allowfullscreen=\"\" loading=\"lazy\" referrerpolicy=\"no-referrer-when-downgrade\"><\/iframe>\n\n\n\n<div style=\"height:39px\" aria-hidden=\"true\" class=\"wp-block-spacer\"><\/div>\n\n\n\n<figure class=\"wp-block-image size-large is-resized\"><img loading=\"lazy\" src=\"https:\/\/kungfuwushu.org\/wp-content\/uploads\/2025\/06\/Screenshot-2025-06-17-at-20.44.18-1024x148.png\" alt=\"\" class=\"wp-image-2461\" width=\"649\" height=\"93\" srcset=\"http:\/\/kungfuwushu.org\/wp-content\/uploads\/2025\/06\/Screenshot-2025-06-17-at-20.44.18-1024x148.png 1024w, http:\/\/kungfuwushu.org\/wp-content\/uploads\/2025\/06\/Screenshot-2025-06-17-at-20.44.18-300x43.png 300w, http:\/\/kungfuwushu.org\/wp-content\/uploads\/2025\/06\/Screenshot-2025-06-17-at-20.44.18-768x111.png 768w, http:\/\/kungfuwushu.org\/wp-content\/uploads\/2025\/06\/Screenshot-2025-06-17-at-20.44.18.png 1526w\" sizes=\"(max-width: 649px) 100vw, 649px\" \/><\/figure>\n\n\n\n<hr class=\"wp-block-separator\"\/>\n\n\n\n<p><\/p>\n\n\n\n<p><strong>Attention : Des cr\u00e9neaux suppl\u00e9mentaires pourraient s&#8217;ajouter au fil de l&#8217;ann\u00e9e en fonction des disponibilit\u00e9s des salles d&#8217;entra\u00eenement<\/strong>.<\/p>\n\n\n\n<p><\/p>\n\n\n\n<p>Vous pouvez toujours me contacter pour des cours particuliers et collectifs (entreprise, etc&#8230;).<\/p>\n\n\n\n<p><\/p>\n","protected":false},"excerpt":{"rendered":"<div class=\"slide-text-bg2\"><span>Nice &#8211; Ecole Fuon Cauda Valbonne &#8211; Dojo Garbeja\u00efre Valbonne &#8211; Dojo de l&#8217;\u00eele verte Attention : Des cr\u00e9neaux suppl\u00e9mentaires pour<\/span><\/div>\n<div class=\"slide-btn-area-sm\"><a href=\"http:\/\/kungfuwushu.org\/?page_id=62\" class=\"slide-btn-sm\">Read More<\/a><\/div>\n","protected":false},"author":3,"featured_media":0,"parent":0,"menu_order":3,"comment_status":"closed","ping_status":"closed","template":"","meta":{"spay_email":""},"_links":{"self":[{"href":"http:\/\/kungfuwushu.org\/index.php?rest_route=\/wp\/v2\/pages\/62"}],"collection":[{"href":"http:\/\/kungfuwushu.org\/index.php?rest_route=\/wp\/v2\/pages"}],"about":[{"href":"http:\/\/kungfuwushu.org\/index.php?rest_route=\/wp\/v2\/types\/page"}],"author":[{"embeddable":true,"href":"http:\/\/kungfuwushu.org\/index.php?rest_route=\/wp\/v2\/users\/3"}],"replies":[{"embeddable":true,"href":"http:\/\/kungfuwushu.org\/index.php?rest_route=%2Fwp%2Fv2%2Fcomments&post=62"}],"version-history":[{"count":31,"href":"http:\/\/kungfuwushu.org\/index.php?rest_route=\/wp\/v2\/pages\/62\/revisions"}],"predecessor-version":[{"id":2466,"href":"http:\/\/kungfuwushu.org\/index.php?rest_route=\/wp\/v2\/pages\/62\/revisions\/2466"}],"wp:attachment":[{"href":"http:\/\/kungfuwushu.org\/index.php?rest_route=%2Fwp%2Fv2%2Fmedia&parent=62"}],"curies":[{"name":"wp","href":"https:\/\/api.w.org\/{rel}","templated":true}]}}